{"id":20,"date":"2021-04-18T13:57:32","date_gmt":"2021-04-18T13:57:32","guid":{"rendered":"https:\/\/brandenburg-institut.de\/?page_id=20"},"modified":"2025-08-05T02:07:14","modified_gmt":"2025-08-05T02:07:14","slug":"cours-d-allemand","status":"publish","type":"page","link":"https:\/\/brandenburg-institut.de\/de\/cours-d-allemand\/","title":{"rendered":"Cours d&rsquo;Allemand"},"content":{"rendered":"<div data-elementor-type=\"wp-page\" data-elementor-id=\"20\" class=\"elementor elementor-20\">\n\t\t\t\t\t\t<section class=\"elementor-section elementor-top-section elementor-element elementor-element-06a7e9c elementor-section-height-min-height elementor-section-boxed elementor-section-height-default elementor-section-items-middle\" data-id=\"06a7e9c\" data-element_type=\"section\" data-settings=\"{&quot;background_background&quot;:&quot;classic&quot;,&quot;shape_divider_bottom&quot;:&quot;triangle-asymmetrical&quot;,&quot;shape_divider_bottom_negative&quot;:&quot;yes&quot;}\">\n\t\t\t\t\t\t\t<div class=\"elementor-background-overlay\"><\/div>\n\t\t\t\t\t\t<div class=\"elementor-shape elementor-shape-bottom\" aria-hidden=\"true\" data-negative=\"true\">\n\t\t\t<svg xmlns=\"http:\/\/www.w3.org\/2000\/svg\" viewbox=\"0 0 1000 100\" preserveaspectratio=\"none\">\n\t<path class=\"elementor-shape-fill\" d=\"M737.9,94.7L0,0v100h1000V0L737.9,94.7z\"\/>\n<\/svg>\t\t<\/div>\n\t\t\t\t\t<div class=\"elementor-container elementor-column-gap-default\">\n\t\t\t\t\t<div class=\"elementor-column elementor-col-100 elementor-top-column elementor-element elementor-element-566ff3f\" data-id=\"566ff3f\" data-element_type=\"column\">\n\t\t\t<div class=\"elementor-widget-wrap elementor-element-populated\">\n\t\t\t\t\t\t<div class=\"elementor-element elementor-element-8ecf09b elementor-widget elementor-widget-heading\" data-id=\"8ecf09b\" data-element_type=\"widget\" data-widget_type=\"heading.default\">\n\t\t\t\t<div class=\"elementor-widget-container\">\n\t\t\t\t\t<h2 class=\"elementor-heading-title elementor-size-default\">Cours d&rsquo;Allemand<\/h2>\t\t\t\t<\/div>\n\t\t\t\t<\/div>\n\t\t\t\t\t<\/div>\n\t\t<\/div>\n\t\t\t\t\t<\/div>\n\t\t<\/section>\n\t\t\t\t<section class=\"elementor-section elementor-top-section elementor-element elementor-element-fa4dd9f elementor-section-boxed elementor-section-height-default elementor-section-height-default\" data-id=\"fa4dd9f\" data-element_type=\"section\">\n\t\t\t\t\t\t<div class=\"elementor-container elementor-column-gap-default\">\n\t\t\t\t\t<div class=\"elementor-column elementor-col-100 elementor-top-column elementor-element elementor-element-f6379cf\" data-id=\"f6379cf\" data-element_type=\"column\">\n\t\t\t<div class=\"elementor-widget-wrap elementor-element-populated\">\n\t\t\t\t\t\t<div class=\"elementor-element elementor-element-e080e5d elementor-widget elementor-widget-spacer\" data-id=\"e080e5d\" data-element_type=\"widget\" data-widget_type=\"spacer.default\">\n\t\t\t\t<div class=\"elementor-widget-container\">\n\t\t\t\t\t\t\t<div class=\"elementor-spacer\">\n\t\t\t<div class=\"elementor-spacer-inner\"><\/div>\n\t\t<\/div>\n\t\t\t\t\t\t<\/div>\n\t\t\t\t<\/div>\n\t\t\t\t\t<\/div>\n\t\t<\/div>\n\t\t\t\t\t<\/div>\n\t\t<\/section>\n\t\t\t\t<section class=\"elementor-section elementor-top-section elementor-element elementor-element-887c7d7 elementor-section-boxed elementor-section-height-default elementor-section-height-default\" data-id=\"887c7d7\" data-element_type=\"section\">\n\t\t\t\t\t\t<div class=\"elementor-container elementor-column-gap-default\">\n\t\t\t\t\t<div class=\"elementor-column elementor-col-100 elementor-top-column elementor-element elementor-element-5697c11\" data-id=\"5697c11\" data-element_type=\"column\">\n\t\t\t<div class=\"elementor-widget-wrap elementor-element-populated\">\n\t\t\t\t\t\t<div class=\"elementor-element elementor-element-4ab1fb5 elementor-widget elementor-widget-html\" data-id=\"4ab1fb5\" data-element_type=\"widget\" data-widget_type=\"html.default\">\n\t\t\t\t<div class=\"elementor-widget-container\">\n\t\t\t\t\t<div id=\"form-cours-allemand\"><\/div>\n\t\t\t\t<\/div>\n\t\t\t\t<\/div>\n\t\t\t\t<div class=\"elementor-element elementor-element-23acda3 elementor-widget elementor-widget-text-editor\" data-id=\"23acda3\" data-element_type=\"widget\" data-widget_type=\"text-editor.default\">\n\t\t\t\t<div class=\"elementor-widget-container\">\n\t\t\t\t\t\t\t\t\t<p>\u00a0<\/p><p>Il existe 6 niveaux diff\u00e9rents en allemand : introductif, interm\u00e9diaire, seuil, avanc\u00e9, autonome et ma\u00eetrise.\u00a0:<\/p><p><strong>Niveau A1\u00a0; \u00a0<\/strong>c\u2019est un Niveau introductif\u00a0; Vous apprenez \u00e0 demander des informations simples par \u00e9crit et oralement et \u00e0 d\u00e9crire des situations. Vous perfectionnez vos connaissances en grammaire et enrichissez votre vocabulaire.<\/p><p><strong>Niveau A2\u00a0: <\/strong>(interm\u00e9diaire) Vous apprenez \u00e0 vous exprimer correctement dans des situations connues de la vie quotidienne, \u00e0 lire et \u00e0 comprendre des textes simples<\/p><p><strong>Niveau B1\u00a0: <\/strong>Votre vocabulaire et votre grammaire sont plus \u00e9toff\u00e9s.\u00a0Vous approfondissez vos connaissances de base en grammaire. Vous apprenez \u00e0 discuter sur des th\u00e8mes int\u00e9ressants.<\/p><p><strong>Niveau B2\u00a0; <\/strong>(avanc\u00e9) Vous connaissez les grands traits de la langue allemande. Vous vous exercez \u00e0 lire, \u00e0 \u00e9crire et \u00e0 d\u00e9battre de th\u00e8mes difficiles dans un contexte complexe.<\/p><p><strong>Niveau C1 &amp; C2\u00a0:<\/strong> ( les niveau les plus \u00e9lev\u00e9s<strong>\u00a0; <\/strong>Vous \u00eates consid\u00e9r\u00e9 comme un locuteur exp\u00e9riment\u00e9.\u00a0, Vous apprenez \u00e0 vous exprimer clairement \u00e0 la fois en parlant et en \u00e9crivant sur un grand nombre de sujets et \u00e0 comprendre presque tous les textes.<\/p>\t\t\t\t\t\t\t\t<\/div>\n\t\t\t\t<\/div>\n\t\t\t\t\t<\/div>\n\t\t<\/div>\n\t\t\t\t\t<\/div>\n\t\t<\/section>\n\t\t\t\t<section class=\"elementor-section elementor-top-section elementor-element elementor-element-7625c93 elementor-section-boxed elementor-section-height-default elementor-section-height-default\" data-id=\"7625c93\" data-element_type=\"section\">\n\t\t\t\t\t\t<div class=\"elementor-container elementor-column-gap-default\">\n\t\t\t\t\t<div class=\"elementor-column elementor-col-100 elementor-top-column elementor-element elementor-element-da7606a\" data-id=\"da7606a\" data-element_type=\"column\">\n\t\t\t<div class=\"elementor-widget-wrap elementor-element-populated\">\n\t\t\t\t\t\t<div class=\"elementor-element elementor-element-a7cdab3 elementor-align-center elementor-widget elementor-widget-button\" data-id=\"a7cdab3\" data-element_type=\"widget\" data-widget_type=\"button.default\">\n\t\t\t\t<div class=\"elementor-widget-container\">\n\t\t\t\t\t\t\t\t\t<div class=\"elementor-button-wrapper\">\n\t\t\t\t\t<a class=\"elementor-button elementor-button-link elementor-size-md\" href=\"#elementor-action%3Aaction%3Dpopup%3Aopen%26settings%3DeyJpZCI6IjI1MjkiLCJ0b2dnbGUiOmZhbHNlfQ%3D%3D\">\n\t\t\t\t\t\t<span class=\"elementor-button-content-wrapper\">\n\t\t\t\t\t\t\t\t\t<span class=\"elementor-button-text\">Formulaire d'inscription - COURS D'ALLEMANDE<\/span>\n\t\t\t\t\t<\/span>\n\t\t\t\t\t<\/a>\n\t\t\t\t<\/div>\n\t\t\t\t\t\t\t\t<\/div>\n\t\t\t\t<\/div>\n\t\t\t\t<div class=\"elementor-element elementor-element-3209922 elementor-widget elementor-widget-spacer\" data-id=\"3209922\" data-element_type=\"widget\" data-widget_type=\"spacer.default\">\n\t\t\t\t<div class=\"elementor-widget-container\">\n\t\t\t\t\t\t\t<div class=\"elementor-spacer\">\n\t\t\t<div class=\"elementor-spacer-inner\"><\/div>\n\t\t<\/div>\n\t\t\t\t\t\t<\/div>\n\t\t\t\t<\/div>\n\t\t\t\t\t<\/div>\n\t\t<\/div>\n\t\t\t\t\t<\/div>\n\t\t<\/section>\n\t\t\t\t<section class=\"elementor-section elementor-top-section elementor-element elementor-element-41032c7 elementor-section-boxed elementor-section-height-default elementor-section-height-default\" data-id=\"41032c7\" data-element_type=\"section\">\n\t\t\t\t\t\t<div class=\"elementor-container elementor-column-gap-default\">\n\t\t\t\t\t<div class=\"elementor-column elementor-col-100 elementor-top-column elementor-element elementor-element-e680cc0\" data-id=\"e680cc0\" data-element_type=\"column\">\n\t\t\t<div class=\"elementor-widget-wrap\">\n\t\t\t\t\t\t\t<\/div>\n\t\t<\/div>\n\t\t\t\t\t<\/div>\n\t\t<\/section>\n\t\t\t\t<\/div>","protected":false},"excerpt":{"rendered":"<p>\u00a0 Il existe 6 niveaux diff\u00e9rents en allemand : introductif, interm\u00e9diaire, seuil, avanc\u00e9, autonome et ma\u00eetrise.\u00a0: Niveau A1\u00a0; \u00a0c\u2019est un Niveau introductif\u00a0; Vous apprenez \u00e0 demander des informations simples par \u00e9crit et oralement et \u00e0 d\u00e9crire des situations. Vous perfectionnez vos connaissances en grammaire et enrichissez votre vocabulaire. Niveau A2\u00a0: (interm\u00e9diaire) Vous apprenez \u00e0 vous [&hellip;]<\/p>","protected":false},"author":1,"featured_media":0,"parent":0,"menu_order":0,"comment_status":"closed","ping_status":"closed","template":"elementor_header_footer","meta":{"footnotes":""},"class_list":["post-20","page","type-page","status-publish","hentry"],"_links":{"self":[{"href":"https:\/\/brandenburg-institut.de\/de\/wp-json\/wp\/v2\/pages\/20","targetHints":{"allow":["GET"]}}],"collection":[{"href":"https:\/\/brandenburg-institut.de\/de\/wp-json\/wp\/v2\/pages"}],"about":[{"href":"https:\/\/brandenburg-institut.de\/de\/wp-json\/wp\/v2\/types\/page"}],"author":[{"embeddable":true,"href":"https:\/\/brandenburg-institut.de\/de\/wp-json\/wp\/v2\/users\/1"}],"replies":[{"embeddable":true,"href":"https:\/\/brandenburg-institut.de\/de\/wp-json\/wp\/v2\/comments?post=20"}],"version-history":[{"count":0,"href":"https:\/\/brandenburg-institut.de\/de\/wp-json\/wp\/v2\/pages\/20\/revisions"}],"wp:attachment":[{"href":"https:\/\/brandenburg-institut.de\/de\/wp-json\/wp\/v2\/media?parent=20"}],"curies":[{"name":"wp","href":"https:\/\/api.w.org\/{rel}","templated":true}]}}