{"id":1358,"date":"2022-03-14T10:20:05","date_gmt":"2022-03-14T10:20:05","guid":{"rendered":"https:\/\/brandenburg-institut.de\/?page_id=1358"},"modified":"2025-05-30T08:51:58","modified_gmt":"2025-05-30T08:51:58","slug":"test-ecl-deutsch","status":"publish","type":"page","link":"https:\/\/brandenburg-institut.de\/de\/test-ecl-deutsch\/","title":{"rendered":"TEST ECL-Deutsch"},"content":{"rendered":"<div data-elementor-type=\"wp-page\" data-elementor-id=\"1358\" class=\"elementor elementor-1358\">\n\t\t\t\t\t\t<section class=\"elementor-section elementor-top-section elementor-element elementor-element-2fdfdd9 elementor-section-height-min-height elementor-section-boxed elementor-section-height-default elementor-section-items-middle\" data-id=\"2fdfdd9\" data-element_type=\"section\" data-settings=\"{&quot;background_background&quot;:&quot;classic&quot;,&quot;shape_divider_bottom&quot;:&quot;triangle-asymmetrical&quot;,&quot;shape_divider_bottom_negative&quot;:&quot;yes&quot;}\">\n\t\t\t\t\t\t\t<div class=\"elementor-background-overlay\"><\/div>\n\t\t\t\t\t\t<div class=\"elementor-shape elementor-shape-bottom\" aria-hidden=\"true\" data-negative=\"true\">\n\t\t\t<svg xmlns=\"http:\/\/www.w3.org\/2000\/svg\" viewbox=\"0 0 1000 100\" preserveaspectratio=\"none\">\n\t<path class=\"elementor-shape-fill\" d=\"M737.9,94.7L0,0v100h1000V0L737.9,94.7z\"\/>\n<\/svg>\t\t<\/div>\n\t\t\t\t\t<div class=\"elementor-container elementor-column-gap-default\">\n\t\t\t\t\t<div class=\"elementor-column elementor-col-100 elementor-top-column elementor-element elementor-element-da8937b\" data-id=\"da8937b\" data-element_type=\"column\">\n\t\t\t<div class=\"elementor-widget-wrap elementor-element-populated\">\n\t\t\t\t\t\t<div class=\"elementor-element elementor-element-89152cf elementor-widget elementor-widget-heading\" data-id=\"89152cf\" data-element_type=\"widget\" data-widget_type=\"heading.default\">\n\t\t\t\t<div class=\"elementor-widget-container\">\n\t\t\t\t\t<h2 class=\"elementor-heading-title elementor-size-default\">TEST ECL-Deutsch<\/h2>\t\t\t\t<\/div>\n\t\t\t\t<\/div>\n\t\t\t\t<div class=\"elementor-element elementor-element-b43dd4c elementor-widget elementor-widget-text-editor\" data-id=\"b43dd4c\" data-element_type=\"widget\" data-widget_type=\"text-editor.default\">\n\t\t\t\t<div class=\"elementor-widget-container\">\n\t\t\t\t\t\t\t\t\t<h4 style=\"text-align: center; color: white;\">\u00a0Lassen Sie Ihre Deutschkenntnisse mit dem ECL-\nPr\u00fcfungssystem zertifizieren.<\/h4>\t\t\t\t\t\t\t\t<\/div>\n\t\t\t\t<\/div>\n\t\t\t\t\t<\/div>\n\t\t<\/div>\n\t\t\t\t\t<\/div>\n\t\t<\/section>\n\t\t\t\t<section class=\"elementor-section elementor-top-section elementor-element elementor-element-38df816 elementor-section-boxed elementor-section-height-default elementor-section-height-default\" data-id=\"38df816\" data-element_type=\"section\">\n\t\t\t\t\t\t<div class=\"elementor-container elementor-column-gap-default\">\n\t\t\t\t\t<div class=\"elementor-column elementor-col-100 elementor-top-column elementor-element elementor-element-d7083e9\" data-id=\"d7083e9\" data-element_type=\"column\">\n\t\t\t<div class=\"elementor-widget-wrap elementor-element-populated\">\n\t\t\t\t\t\t<div class=\"elementor-element elementor-element-20b17b3 elementor-widget elementor-widget-image\" data-id=\"20b17b3\" data-element_type=\"widget\" data-widget_type=\"image.default\">\n\t\t\t\t<div class=\"elementor-widget-container\">\n\t\t\t\t\t\t\t\t\t\t\t\t\t\t\t<img fetchpriority=\"high\" decoding=\"async\" width=\"1400\" height=\"1400\" src=\"https:\/\/brandenburg-institut.de\/wp-content\/uploads\/2023\/08\/1239acc6-d77f-4084-995f-abba28c54bb9.jpg\" class=\"attachment-full size-full wp-image-2711\" alt=\"\" srcset=\"https:\/\/brandenburg-institut.de\/wp-content\/uploads\/2023\/08\/1239acc6-d77f-4084-995f-abba28c54bb9.jpg 1400w, https:\/\/brandenburg-institut.de\/wp-content\/uploads\/2023\/08\/1239acc6-d77f-4084-995f-abba28c54bb9-300x300.jpg 300w, https:\/\/brandenburg-institut.de\/wp-content\/uploads\/2023\/08\/1239acc6-d77f-4084-995f-abba28c54bb9-1024x1024.jpg 1024w, https:\/\/brandenburg-institut.de\/wp-content\/uploads\/2023\/08\/1239acc6-d77f-4084-995f-abba28c54bb9-150x150.jpg 150w, https:\/\/brandenburg-institut.de\/wp-content\/uploads\/2023\/08\/1239acc6-d77f-4084-995f-abba28c54bb9-768x768.jpg 768w, https:\/\/brandenburg-institut.de\/wp-content\/uploads\/2023\/08\/1239acc6-d77f-4084-995f-abba28c54bb9-12x12.jpg 12w\" sizes=\"(max-width: 1400px) 100vw, 1400px\" \/>\t\t\t\t\t\t\t\t\t\t\t\t\t\t\t<\/div>\n\t\t\t\t<\/div>\n\t\t\t\t<div class=\"elementor-element elementor-element-a06ce49 elementor-widget elementor-widget-text-editor\" data-id=\"a06ce49\" data-element_type=\"widget\" data-widget_type=\"text-editor.default\">\n\t\t\t\t<div class=\"elementor-widget-container\">\n\t\t\t\t\t\t\t\t\t<h4 style=\"font-weight: 600; ;text-align: center; font-family: 'DM Serif Display', Sans-serif;\">Das Brandenburg Institut organisiert in Marokko in Zusammenarbeit mit IISC und ECL deutsche Sprachpr\u00fcfungen auf allen Niveaustufen. Siehe unten unsere n\u00e4chsten Termine<\/h4><p><style>\n.flex-dev{<br \/>  background:#dbeaffb3;<br \/>display: flex;<br \/>}<\/p>\n<p>@media only screen and (max-width: 600px) {<br \/>  .flex-dev{<\/p>\n<p>   display: block;<br \/>  }<br \/>}<br \/><\/style><\/p><div class=\"flex-dev\" style=\"text-align: center; ; justify-content: center; padding: 10px;\"><p><img decoding=\"async\" class=\"vhcenter size-full wp-image-29\" src=\"https:\/\/brandenburg-institut.de\/wp-content\/uploads\/2022\/03\/ECL_LOGO.jpg\" alt=\"\" width=\"240\" \/><\/p><p>\u00a0<\/p><p><img decoding=\"async\" width=\"540\" height=\"126\" class=\"vhcenter size-medium wp-image-1377\" src=\"https:\/\/brandenburg-institut.de\/wp-content\/uploads\/2022\/03\/IISC-LOGO-DARK-BLUE.png\" alt=\"\" srcset=\"https:\/\/brandenburg-institut.de\/wp-content\/uploads\/2022\/03\/IISC-LOGO-DARK-BLUE.png 540w, https:\/\/brandenburg-institut.de\/wp-content\/uploads\/2022\/03\/IISC-LOGO-DARK-BLUE-300x70.png 300w\" sizes=\"(max-width: 540px) 100vw, 540px\" \/><\/p><\/div>\t\t\t\t\t\t\t\t<\/div>\n\t\t\t\t<\/div>\n\t\t\t\t\t<\/div>\n\t\t<\/div>\n\t\t\t\t\t<\/div>\n\t\t<\/section>\n\t\t\t\t<section class=\"elementor-section elementor-top-section elementor-element elementor-element-b288b92 elementor-section-boxed elementor-section-height-default elementor-section-height-default\" data-id=\"b288b92\" data-element_type=\"section\">\n\t\t\t\t\t\t<div class=\"elementor-container elementor-column-gap-default\">\n\t\t\t\t\t<div class=\"elementor-column elementor-col-100 elementor-top-column elementor-element elementor-element-4d80db4\" data-id=\"4d80db4\" data-element_type=\"column\">\n\t\t\t<div class=\"elementor-widget-wrap elementor-element-populated\">\n\t\t\t\t\t\t<div class=\"elementor-element elementor-element-1cdf8bc elementor-widget elementor-widget-heading\" data-id=\"1cdf8bc\" data-element_type=\"widget\" data-widget_type=\"heading.default\">\n\t\t\t\t<div class=\"elementor-widget-container\">\n\t\t\t\t\t<h4 class=\"elementor-heading-title elementor-size-default\">ECL: Was ist das?<\/h4>\t\t\t\t<\/div>\n\t\t\t\t<\/div>\n\t\t\t\t<div class=\"elementor-element elementor-element-901b6d3 elementor-widget elementor-widget-text-editor\" data-id=\"901b6d3\" data-element_type=\"widget\" data-widget_type=\"text-editor.default\">\n\t\t\t\t<div class=\"elementor-widget-container\">\n\t\t\t\t\t\t\t\t\t<strong>ECL\u00a0\u00a0<\/strong> Die Abk\u00fcrzung steht f\u00fcr \u201eEuropean Consortium for the Certificate of Attainment in Modern Languages\u201c. Oder auf gut Deutsch: \u201eEurop\u00e4isches Konsortium f\u00fcr das Zertifikat \u00fcber Kenntnisse in Modernen Fremdsprachen\u201c:<a href=\"https:\/\/eclexam.eu\/the-ecl-consortium\/\">https:\/\/eclexam.eu\/the-ecl-consortium\/<\/a>ist ein standardisiertes Testsystem, das auf die Sprachen der EU-Mitgliedstaaten und der L\u00e4nder, die sich um den Beitritt zur Europ\u00e4ischen Union bewerben, zugeschnitten ist. Es wurde von einem internationalen Team von Sprachtestexperten zwischen 1983 und 1992 entwickelt.\t\t\t\t\t\t\t\t<\/div>\n\t\t\t\t<\/div>\n\t\t\t\t<div class=\"elementor-element elementor-element-1afec0d elementor-widget elementor-widget-heading\" data-id=\"1afec0d\" data-element_type=\"widget\" data-widget_type=\"heading.default\">\n\t\t\t\t<div class=\"elementor-widget-container\">\n\t\t\t\t\t<h4 class=\"elementor-heading-title elementor-size-default\">Pour quoi ECL  !!<\/h4>\t\t\t\t<\/div>\n\t\t\t\t<\/div>\n\t\t\t\t<div class=\"elementor-element elementor-element-fd84771 elementor-widget elementor-widget-text-editor\" data-id=\"fd84771\" data-element_type=\"widget\" data-widget_type=\"text-editor.default\">\n\t\t\t\t<div class=\"elementor-widget-container\">\n\t\t\t\t\t\t\t\t\t<ol><li>Le test permet de certifier un niveau de langue selon le cadre europ\u00e9en commun de r\u00e9f\u00e9rence pour les langues<\/li><li>Compensation entre les deux partie de l\u2019exam<\/li><li>tr\u00e8s appr\u00e9ci\u00e9 dans le monde professionnel mais \u00e9galement dans un cadre universitaire<\/li><\/ol>\t\t\t\t\t\t\t\t<\/div>\n\t\t\t\t<\/div>\n\t\t\t\t<div class=\"elementor-element elementor-element-60c5f9f elementor-widget elementor-widget-text-editor\" data-id=\"60c5f9f\" data-element_type=\"widget\" data-widget_type=\"text-editor.default\">\n\t\t\t\t<div class=\"elementor-widget-container\">\n\t\t\t\t\t\t\t\t\t<p><strong>Reconnaissance&nbsp;:<\/strong><\/p>\n<p><span style=\"color: var( --e-global-color-text ); font-family: var( --e-global-typography-text-font-family ), Sans-serif; font-weight: var( --e-global-typography-text-font-weight ); font-size: 1rem;\">Die <\/span><strong style=\"color: var( --e-global-color-text ); font-family: var( --e-global-typography-text-font-family ), Sans-serif; font-size: 1rem;\">ECL-Tests<\/strong><span style=\"color: var( --e-global-color-text ); font-family: var( --e-global-typography-text-font-family ), Sans-serif; font-weight: var( --e-global-typography-text-font-weight ); font-size: 1rem;\"> in Deutsch sind Teil von Pr\u00fcfungssystemen mit dem <\/span><strong style=\"color: var( --e-global-color-text ); font-family: var( --e-global-typography-text-font-family ), Sans-serif; font-size: 1rem;\">ALTE-Qualit\u00e4tssiegel<\/strong><span style=\"color: var( --e-global-color-text ); font-family: var( --e-global-typography-text-font-family ), Sans-serif; font-weight: var( --e-global-typography-text-font-weight ); font-size: 1rem;\">&nbsp;<\/span><a style=\"font-family: var( --e-global-typography-text-font-family ), Sans-serif; font-weight: var( --e-global-typography-text-font-weight ); background-color: #ffffff; font-size: 1rem;\" href=\"https:\/\/fr.alte.org\/\">https:\/\/fr.alte.org\/<\/a><span style=\"color: var( --e-global-color-text ); font-family: var( --e-global-typography-text-font-family ), Sans-serif; font-weight: var( --e-global-typography-text-font-weight ); font-size: 1rem;\"> wie Goethe, \u00d6SD, telc und TestDaf, und werden <\/span><strong style=\"color: var( --e-global-color-text ); font-family: var( --e-global-typography-text-font-family ), Sans-serif; font-size: 1rem;\">daher von deutschen<\/strong><span style=\"color: var( --e-global-color-text ); font-family: var( --e-global-typography-text-font-family ), Sans-serif; font-weight: var( --e-global-typography-text-font-weight ); font-size: 1rem;\"> und <\/span><strong style=\"color: var( --e-global-color-text ); font-family: var( --e-global-typography-text-font-family ), Sans-serif; font-size: 1rem;\">internationalen Beh\u00f6rden anerkannt.<\/strong><\/p>\n<p><strong style=\"color: var( --e-global-color-text ); font-family: var( --e-global-typography-text-font-family ), Sans-serif; font-size: 1rem;\">&nbsp;<\/strong><\/p>\n<p><strong style=\"color: var( --e-global-color-text ); font-family: var( --e-global-typography-text-font-family ), Sans-serif; font-size: 1rem;\">Prochaines dates&nbsp;:<\/strong><\/p>\n<ul>\n<li>29 SEPT B1-C1 et 30 SEPT B2 (date limite inscription\/paiement : 31 ao\u00fbt)<\/li>\n<li>25 NOV A2-B1-C1 et 25 NOV B2 (date limite inscription\/paiement : 02 novembre)<\/li>\n<li>Pour s&rsquo;inscrire : <a href=\"http:\/\/rabat.ecl-exam.com\">http:\/\/rabat.ecl-exam.com<\/a><\/li>\n<li>Dates des tests en 2024 : <a href=\"https:\/\/eclexam.eu\/exam-dates-2024\/\">https:\/\/eclexam.eu\/exam-dates-2024\/<\/a><\/li>\n<\/ul>\n<p><strong>&nbsp;<\/strong><\/p>\n<p><img decoding=\"async\" class=\"vhcenter size-full wp-image-29\" src=\"https:\/\/brandenburg-institut.de\/wp-content\/uploads\/2023\/08\/c48b8fea-0060-47d2-9833-587071967b76.jpg\" alt=\"\"><\/p>\n<p><strong>Prix&nbsp;:<\/strong><\/p><ul>\n<li>B1 : 2500 dhs<\/li>\n<li>B2 : 2700 dhs<\/li>\n<\/ul>\n<p><strong>&nbsp;<\/strong><\/p>\n<p><strong>Informations g\u00e9n\u00e9rales&nbsp;:<\/strong><\/p>\n<ol start=\"1\">\n<li><strong>Gepr\u00fcfte Sprachkenntnisse:<\/strong><\/li>\n<\/ol>\n<p>Das ECL-Sprachtestsystem wurde entwickelt, um die m\u00fcndlichen und schriftlichen Sprachf\u00e4higkeiten der Kandidaten in verschiedenen Situationen des t\u00e4glichen Lebens sowie in beruflichen \/ arbeitsbezogenen und pers\u00f6nlichen \/ privaten Situationen zu testen.<\/p>\n<p>Im Rahmen des ECL- Sprachtests werden vier F\u00e4higkeiten bewertet:<\/p>\n<ul>\n<li>m\u00fcndliche Kommunikation,<\/li>\n<li>das H\u00f6rverst\u00e4ndnis,<\/li>\n<li>die schriftliche Kommunikation,<\/li>\n<li>das Leseverst\u00e4ndnis.<\/li>\n<\/ul>\n<div>&nbsp;<\/div>\n<ol start=\"2\">\n<li><strong>Les niveaux du Test ECL&nbsp;:<\/strong><\/li><\/ol><ul>\n<li>B1 - Schwellenniveau<\/li>\n<li>B2 - h\u00f6heres Niveau<\/li>\n<\/ul>\n<div>&nbsp;<\/div>\n<ol start=\"3\">\n<li><strong>Bestandteile der ECL-Pr\u00fcfung<\/strong><\/li>\n<\/ol>\n<p>Das Besondere an den ECL-Pr\u00fcfungen ist, dass sie weder grammatikalische Pr\u00fcfungen noch \u00dcbersetzungsaufgaben beinhalten. Der Aufbau des Tests ist f\u00fcr alle vier Niveaustufen gleich. Die m\u00fcndliche Pr\u00fcfung besteht aus zwei Teilen, in denen die F\u00e4higkeiten \"m\u00fcndlich kommunizieren\" und \"zuh\u00f6ren\" beurteilt werden.<\/p>\n<p>Im schriftlichen Teil der Pr\u00fcfung werden die F\u00e4higkeiten \"schriftliche Kommunikation\" und \"Leseverst\u00e4ndnis\" getestet. Jede Kompetenz wird durch zwei Aufgaben gepr\u00fcft.<\/p>\t\t\t\t\t\t\t\t<\/div>\n\t\t\t\t<\/div>\n\t\t\t\t\t<\/div>\n\t\t<\/div>\n\t\t\t\t\t<\/div>\n\t\t<\/section>\n\t\t\t\t<section class=\"elementor-section elementor-top-section elementor-element elementor-element-3fca2e6 elementor-section-boxed elementor-section-height-default elementor-section-height-default\" data-id=\"3fca2e6\" data-element_type=\"section\">\n\t\t\t\t\t\t<div class=\"elementor-container elementor-column-gap-default\">\n\t\t\t\t\t<div class=\"elementor-column elementor-col-100 elementor-top-column elementor-element elementor-element-8766da8\" data-id=\"8766da8\" data-element_type=\"column\">\n\t\t\t<div class=\"elementor-widget-wrap elementor-element-populated\">\n\t\t\t\t\t\t<div class=\"elementor-element elementor-element-75dedba elementor-align-center elementor-widget elementor-widget-button\" data-id=\"75dedba\" data-element_type=\"widget\" data-widget_type=\"button.default\">\n\t\t\t\t<div class=\"elementor-widget-container\">\n\t\t\t\t\t\t\t\t\t<div class=\"elementor-button-wrapper\">\n\t\t\t\t\t<a class=\"elementor-button elementor-button-link elementor-size-md\" href=\"#elementor-action%3Aaction%3Dpopup%3Aopen%26settings%3DeyJpZCI6IjI1MjAiLCJ0b2dnbGUiOmZhbHNlfQ%3D%3D\">\n\t\t\t\t\t\t<span class=\"elementor-button-content-wrapper\">\n\t\t\t\t\t\t\t\t\t<span class=\"elementor-button-text\">Formulaire d'inscription Test ECL-Deutsch<\/span>\n\t\t\t\t\t<\/span>\n\t\t\t\t\t<\/a>\n\t\t\t\t<\/div>\n\t\t\t\t\t\t\t\t<\/div>\n\t\t\t\t<\/div>\n\t\t\t\t<div class=\"elementor-element elementor-element-a90a651 elementor-widget elementor-widget-html\" data-id=\"a90a651\" data-element_type=\"widget\" data-widget_type=\"html.default\">\n\t\t\t\t<div class=\"elementor-widget-container\">\n\t\t\t\t\t<div id=\"form-ecl\">\n    <!--Form section ID -->\n<\/div>\n\t\t\t\t<\/div>\n\t\t\t\t<\/div>\n\t\t\t\t\t<\/div>\n\t\t<\/div>\n\t\t\t\t\t<\/div>\n\t\t<\/section>\n\t\t\t\t<\/div>","protected":false},"excerpt":{"rendered":"<p>\u00a0Certifiez vos comp\u00e9tences en allemand avec le syst\u00e8me d\u2019examen ECL Brandenburg Institut organise au Maroc des examens de langue allemande de tous niveaux en coop\u00e9ration avec IISC et ECL. Voir ci-dessous nos prochaines dates. \u00a0 ECL : qu\u2019est-ce que c\u2019est ? ECL\u00a0\u00a0 (European Consortium for the Certificate of Attainment in Modern Languages [https:\/\/eclexam.eu\/the-ecl-consortium\/]) est un [&hellip;]<\/p>","protected":false},"author":1,"featured_media":0,"parent":0,"menu_order":0,"comment_status":"closed","ping_status":"closed","template":"elementor_header_footer","meta":{"footnotes":""},"class_list":["post-1358","page","type-page","status-publish","hentry"],"_links":{"self":[{"href":"https:\/\/brandenburg-institut.de\/de\/wp-json\/wp\/v2\/pages\/1358","targetHints":{"allow":["GET"]}}],"collection":[{"href":"https:\/\/brandenburg-institut.de\/de\/wp-json\/wp\/v2\/pages"}],"about":[{"href":"https:\/\/brandenburg-institut.de\/de\/wp-json\/wp\/v2\/types\/page"}],"author":[{"embeddable":true,"href":"https:\/\/brandenburg-institut.de\/de\/wp-json\/wp\/v2\/users\/1"}],"replies":[{"embeddable":true,"href":"https:\/\/brandenburg-institut.de\/de\/wp-json\/wp\/v2\/comments?post=1358"}],"version-history":[{"count":0,"href":"https:\/\/brandenburg-institut.de\/de\/wp-json\/wp\/v2\/pages\/1358\/revisions"}],"wp:attachment":[{"href":"https:\/\/brandenburg-institut.de\/de\/wp-json\/wp\/v2\/media?parent=1358"}],"curies":[{"name":"wp","href":"https:\/\/api.w.org\/{rel}","templated":true}]}}